{"id":152,"date":"2024-11-16T10:37:10","date_gmt":"2024-11-16T08:37:10","guid":{"rendered":"https:\/\/www.voiteluasennus.fi\/?page_id=152"},"modified":"2024-11-16T21:01:03","modified_gmt":"2024-11-16T19:01:03","slug":"lubejerry","status":"publish","type":"page","link":"https:\/\/www.voiteluasennus.fi\/?page_id=152","title":{"rendered":"LubeJerry"},"content":{"rendered":"\n<h2 class=\"wp-block-heading\">Rasva-astia, joka ei satuta sinua eik\u00e4 luontoa.<\/h2>\n\n\n\n<p>Kun olosuhteet haastavat, LubeJerry helpottaa koneiden voiteluhuoltoa. Se v\u00e4hent\u00e4\u00e4 rasvah\u00e4vikki\u00e4, syntyv\u00e4\u00e4 j\u00e4tett\u00e4 sek\u00e4 ep\u00e4puhtausongelmia voiteluj\u00e4rjestelmiss\u00e4. Helppok\u00e4ytt\u00f6inen uudelleen t\u00e4ytett\u00e4v\u00e4 rasva-astia kulkee my\u00f6s mukavasti mukana. Vastaavaa ratkaisua ei markkinoilta l\u00f6ydy. <\/p>\n\n\n\n<figure class=\"wp-block-embed is-type-video is-provider-youtube wp-block-embed-youtube wp-embed-aspect-16-9 wp-has-aspect-ratio\"><div class=\"wp-block-embed__wrapper\">\n<iframe loading=\"lazy\" title=\"LubeJerry esittelyvideo\" width=\"605\" height=\"340\" src=\"https:\/\/www.youtube.com\/embed\/F1HNJk1xBsA?feature=oembed\" frameborder=\"0\" allow=\"accelerometer; autoplay; clipboard-write; encrypted-media; gyroscope; picture-in-picture; web-share\" referrerpolicy=\"strict-origin-when-cross-origin\" allowfullscreen><\/iframe>\n<\/div><\/figure>\n\n\n\n<pre class=\"wp-block-preformatted\"><\/pre>\n\n\n\n<h2 class=\"wp-block-heading\">Idea syntyi arjen tarpeista<\/h2>\n\n\n\n<p>Asennamme ja huollamme ty\u00f6koneiden voiteluj\u00e4rjestelmi\u00e4, joten tied\u00e4mme mit\u00e4 ty\u00f6skentely niiden parissa on. K\u00e4yt\u00f6ss\u00e4 olevat rasvatynnyrit t\u00e4ytt\u00f6pumppuineen ovat raskaita ja hankalia kantaa ty\u00f6koneen luo. Autolta ty\u00f6maalle kuljetaan usein ep\u00e4tasaisessa maastossa ja hankalissa s\u00e4\u00e4oloissa, jolloin hyv\u00e4kuntoisenkin rasvarin keho on kovilla ja selk\u00e4\u00e4 s\u00e4rkee. Huolta aiheutti my\u00f6s rasvatynnyreiden k\u00e4yt\u00f6n aiheuttamat ymp\u00e4rist\u00f6haitat. Pohjaan j\u00e4\u00e4v\u00e4n hukkarasvan vuoksi vanhat sottaiset tynnyrit on h\u00e4vitett\u00e4v\u00e4 ongelmaj\u00e4tteen\u00e4. Niiden kuljettaminen ker\u00e4yspisteisiin on hankalaa ja aikaa viev\u00e4\u00e4. N\u00e4in ollen uudelle, t\u00e4m\u00e4n p\u00e4iv\u00e4n vaatimukset t\u00e4ytt\u00e4v\u00e4lle ratkaisulle oli todellinen tarve.<\/p>\n\n\n\n<h2 class=\"wp-block-heading\">Helppoa voiteluhuoltoa<\/h2>\n\n\n\n<p>Ryhdyimme kehitt\u00e4m\u00e4\u00e4n voitelurasvalle kokonaan uudenlaista t\u00e4ytt\u00f6astiaa, suunnitteluprosessissa aika ajoin kompastellen, mutta sinnikk\u00e4\u00e4sti innovaatioomme luottaen. Ty\u00f6 kannatti, sill\u00e4 uutuustuotteemme osoitti testik\u00e4yt\u00f6ss\u00e4 olevan lupaustensa mittainen. Erityist\u00e4 kiitosta saa LubeJerryn helppok\u00e4ytt\u00f6isyys. Litte\u00e4, kanisterimallinen t\u00e4ytt\u00f6astia on helppo ja ergonominen kantaa ty\u00f6koneelle vaikeakulkuisessakin maastossa. Pumppausyksikk\u00f6n\u00e4 SKF:n korkealaatuinen t\u00e4ytt\u00f6pumppu.<\/p>\n\n\n\n<h2 class=\"wp-block-heading\">S\u00e4\u00e4st\u00e4\u00e4 ymp\u00e4rist\u00f6\u00e4 ja rahaa<\/h2>\n\n\n\n<p>LubeJerryn avulla ty\u00f6koneiden voiteluhuolto on paitsi ekologista, my\u00f6s taloudellista. Astian uudelleent\u00e4ytett\u00e4vyys v\u00e4hent\u00e4\u00e4 rasvah\u00e4vikki\u00e4, joten kaikki rasva saadaan taloudellisesti ja tarkasti hy\u00f6tyk\u00e4ytt\u00f6\u00f6n. My\u00f6s ymp\u00e4rist\u00f6yst\u00e4v\u00e4llisyys toteutuu loppumetreille asti, koska h\u00e4vitett\u00e4v\u00e4\u00e4 ongelmaj\u00e4tett\u00e4 ei synny.<\/p>\n\n\n\n<h2 class=\"wp-block-heading\">Saatavilla nyt verkkokaupasta!<\/h2>\n\n\n\n<p>Sinulla on ty\u00f6si hoidettavana ja me helpotamme sit\u00e4. Miksi siis en\u00e4\u00e4 tyyty\u00e4 perinteisiin rasvapyttyihin, kun voit ottaa LubeJerryn mukaasi jo seuraavaan voiteluhuoltoon? T\u00e4m\u00e4kin uutuutemme t\u00e4ht\u00e4\u00e4 koneiden sujuvaan ja harmittomaan k\u00e4ytt\u00f6\u00f6n, yll\u00e4pitoon ja pitk\u00e4\u00e4n toimintaik\u00e4\u00e4n. <a href=\"https:\/\/www.voiteluosa.fi\/epages\/voiteluosa.sf\/fi_FI\/?ObjectPath=\/Shops\/2016041404\/Products\/%22LJ%2017%22\">Siirry verkkokauppaamme.<\/a><\/p>\n\n\n\n<p>\u2022 Litte\u00e4 muoto ja tukeva kantokahva \u2013 helppo kantaa ty\u00f6maalle selk\u00e4\u00e4 rasittamatta.<\/p>\n\n\n\n<p>\u2022 Voitelus\u00e4ili\u00f6n t\u00e4ytt\u00f6 k\u00e4sik\u00e4ytt\u00f6isen pumpun ja t\u00e4ytt\u00f6letkun avulla \u2013 koneen voiteluhuolto on siisti\u00e4 ja nopeaa.<\/p>\n\n\n\n<p>\u2022 Uudelleen t\u00e4ytett\u00e4v\u00e4 \u2013 kaikki voitelurasva saadaan tarkasti hy\u00f6tyk\u00e4ytt\u00f6\u00f6n ja rahaa s\u00e4\u00e4styy.<\/p>\n","protected":false},"excerpt":{"rendered":"<p>Rasva-astia, joka ei satuta sinua eik\u00e4 luontoa.<\/p>\n<p>Kun olosuhteet haastavat, LubeJerry helpottaa koneiden voiteluhuoltoa. Se v\u00e4hent\u00e4\u00e4 rasvah\u00e4vikki\u00e4, syntyv\u00e4\u00e4 j\u00e4tett\u00e4 sek\u00e4 ep\u00e4puhtausongelmia voiteluj\u00e4rjestelmiss\u00e4. Helppok\u00e4ytt\u00f6inen uudelleen t\u00e4ytett\u00e4v\u00e4 rasva-astia kulkee my\u00f6s mukavasti mukana. Vastaavaa ratkaisua ei markkinoilta l\u00f6ydy. <\/p>\n<div class=\"wp-block-embed__wrapper\">\n<\/div>\n<p>Idea syntyi arjen tarpeista<\/p>\n<p>Asennamme ja huollamme ty\u00f6koneiden voiteluj\u00e4rjestelmi\u00e4,<\/p>\n<p><span class=\"ellipsis\">&hellip;<\/span><\/p>\n<div class=\"read-more\"><a href=\"https:\/\/www.voiteluasennus.fi\/?page_id=152\">Lue lis\u00e4\u00e4 \u203a<\/a><\/div>\n<p><!-- end of .read-more --><\/p>\n","protected":false},"author":1,"featured_media":0,"parent":0,"menu_order":0,"comment_status":"closed","ping_status":"closed","template":"full-width-page.php","meta":{"_bbp_topic_count":0,"_bbp_reply_count":0,"_bbp_total_topic_count":0,"_bbp_total_reply_count":0,"_bbp_voice_count":0,"_bbp_anonymous_reply_count":0,"_bbp_topic_count_hidden":0,"_bbp_reply_count_hidden":0,"_bbp_forum_subforum_count":0,"footnotes":""},"class_list":["post-152","page","type-page","status-publish","hentry"],"_links":{"self":[{"href":"https:\/\/www.voiteluasennus.fi\/index.php?rest_route=\/wp\/v2\/pages\/152","targetHints":{"allow":["GET"]}}],"collection":[{"href":"https:\/\/www.voiteluasennus.fi\/index.php?rest_route=\/wp\/v2\/pages"}],"about":[{"href":"https:\/\/www.voiteluasennus.fi\/index.php?rest_route=\/wp\/v2\/types\/page"}],"author":[{"embeddable":true,"href":"https:\/\/www.voiteluasennus.fi\/index.php?rest_route=\/wp\/v2\/users\/1"}],"replies":[{"embeddable":true,"href":"https:\/\/www.voiteluasennus.fi\/index.php?rest_route=%2Fwp%2Fv2%2Fcomments&post=152"}],"version-history":[{"count":4,"href":"https:\/\/www.voiteluasennus.fi\/index.php?rest_route=\/wp\/v2\/pages\/152\/revisions"}],"predecessor-version":[{"id":158,"href":"https:\/\/www.voiteluasennus.fi\/index.php?rest_route=\/wp\/v2\/pages\/152\/revisions\/158"}],"wp:attachment":[{"href":"https:\/\/www.voiteluasennus.fi\/index.php?rest_route=%2Fwp%2Fv2%2Fmedia&parent=152"}],"curies":[{"name":"wp","href":"https:\/\/api.w.org\/{rel}","templated":true}]}}