{"id":103,"date":"2016-10-24T09:38:06","date_gmt":"2016-10-24T06:38:06","guid":{"rendered":"http:\/\/www.voiteluasennus.fi\/?page_id=103"},"modified":"2024-01-14T13:15:23","modified_gmt":"2024-01-14T11:15:23","slug":"yhteystiedot-2","status":"publish","type":"page","link":"https:\/\/www.voiteluasennus.fi\/?page_id=103","title":{"rendered":"Yhteystiedot"},"content":{"rendered":"<p><img loading=\"lazy\" decoding=\"async\" class=\"size-full wp-image-89 alignnone\" src=\"http:\/\/www.voiteluasennus.fi\/wp-content\/uploads\/2014\/03\/Voiteluasennus_logo.png\" alt=\"voiteluasennus_logo\" width=\"200\" height=\"139\" srcset=\"https:\/\/www.voiteluasennus.fi\/wp-content\/uploads\/2014\/03\/Voiteluasennus_logo.png 200w, https:\/\/www.voiteluasennus.fi\/wp-content\/uploads\/2014\/03\/Voiteluasennus_logo-100x70.png 100w, https:\/\/www.voiteluasennus.fi\/wp-content\/uploads\/2014\/03\/Voiteluasennus_logo-150x104.png 150w\" sizes=\"auto, (max-width: 200px) 100vw, 200px\" \/><\/p>\n<p>Voiteluasennus Oy<br \/>Jukka Havum\u00e4ki<br \/>Perttolantie 3<br \/>17410 Viitaila<\/p>\n<p>Y-tunnus 2587400-3<\/p>\n<p>p. 0440-494 435<\/p>\n<p><a href=\"mailto:jukka.havumaki@voiteluasennus.fi\">jukka.havumaki@voiteluasennus.fi<\/a><\/p>\n<p>\u00a0<\/p>\n\n\n<p>Laskutusosoitteemme on:<\/p>\n\n\n\n<p>Verkkolaskuosoitteemme on 003725874003<br>Verkkolaskuoperaattorimme on Maventa<br>Operaattorin v\u00e4litt\u00e4j\u00e4ntunnus 003721291126<\/p>\n\n\n\n<p><\/p>\n","protected":false},"excerpt":{"rendered":"<p><img loading=\"lazy\" decoding=\"async\" class=\"size-full wp-image-89 alignnone\" src=\"http:\/\/www.voiteluasennus.fi\/wp-content\/uploads\/2014\/03\/Voiteluasennus_logo.png\" alt=\"voiteluasennus_logo\" width=\"200\" height=\"139\" srcset=\"https:\/\/www.voiteluasennus.fi\/wp-content\/uploads\/2014\/03\/Voiteluasennus_logo.png 200w, https:\/\/www.voiteluasennus.fi\/wp-content\/uploads\/2014\/03\/Voiteluasennus_logo-100x70.png 100w, https:\/\/www.voiteluasennus.fi\/wp-content\/uploads\/2014\/03\/Voiteluasennus_logo-150x104.png 150w\" sizes=\"auto, (max-width: 200px) 100vw, 200px\" \/><\/p>\n<p>Voiteluasennus Oy<br \/>Jukka Havum\u00e4ki<br \/>Perttolantie 3<br \/>17410 Viitaila<\/p>\n<p>Y-tunnus 2587400-3<\/p>\n<p>p. 0440-494 435<\/p>\n<p><a href=\"mailto:jukka.havumaki@voiteluasennus.fi\">jukka.havumaki@voiteluasennus.fi<\/a><\/p>\n<p>\u00a0<\/p>\n<p>Laskutusosoitteemme on:<\/p>\n<p>Verkkolaskuosoitteemme on 003725874003<br \/>Verkkolaskuoperaattorimme on Maventa<br \/>Operaattorin v\u00e4litt\u00e4j\u00e4ntunnus 003721291126<\/p>\n<\/p>\n<p><span class=\"ellipsis\">&hellip;<\/span><\/p>\n<div class=\"read-more\"><a href=\"https:\/\/www.voiteluasennus.fi\/?page_id=103\">Lue lis\u00e4\u00e4 \u203a<\/a><\/div>\n<p><!-- end of .read-more --><\/p>\n","protected":false},"author":1,"featured_media":0,"parent":0,"menu_order":0,"comment_status":"closed","ping_status":"closed","template":"full-width-page.php","meta":{"_bbp_topic_count":0,"_bbp_reply_count":0,"_bbp_total_topic_count":0,"_bbp_total_reply_count":0,"_bbp_voice_count":0,"_bbp_anonymous_reply_count":0,"_bbp_topic_count_hidden":0,"_bbp_reply_count_hidden":0,"_bbp_forum_subforum_count":0,"footnotes":""},"class_list":["post-103","page","type-page","status-publish","hentry"],"_links":{"self":[{"href":"https:\/\/www.voiteluasennus.fi\/index.php?rest_route=\/wp\/v2\/pages\/103","targetHints":{"allow":["GET"]}}],"collection":[{"href":"https:\/\/www.voiteluasennus.fi\/index.php?rest_route=\/wp\/v2\/pages"}],"about":[{"href":"https:\/\/www.voiteluasennus.fi\/index.php?rest_route=\/wp\/v2\/types\/page"}],"author":[{"embeddable":true,"href":"https:\/\/www.voiteluasennus.fi\/index.php?rest_route=\/wp\/v2\/users\/1"}],"replies":[{"embeddable":true,"href":"https:\/\/www.voiteluasennus.fi\/index.php?rest_route=%2Fwp%2Fv2%2Fcomments&post=103"}],"version-history":[{"count":10,"href":"https:\/\/www.voiteluasennus.fi\/index.php?rest_route=\/wp\/v2\/pages\/103\/revisions"}],"predecessor-version":[{"id":139,"href":"https:\/\/www.voiteluasennus.fi\/index.php?rest_route=\/wp\/v2\/pages\/103\/revisions\/139"}],"wp:attachment":[{"href":"https:\/\/www.voiteluasennus.fi\/index.php?rest_route=%2Fwp%2Fv2%2Fmedia&parent=103"}],"curies":[{"name":"wp","href":"https:\/\/api.w.org\/{rel}","templated":true}]}}